{"id":322,"date":"2024-08-18T23:56:22","date_gmt":"2024-08-19T09:56:22","guid":{"rendered":"https:\/\/tapulodge.com\/galerie\/"},"modified":"2024-08-26T01:13:27","modified_gmt":"2024-08-26T11:13:27","slug":"galerie","status":"publish","type":"page","link":"https:\/\/tapulodge.com\/fr\/galerie\/","title":{"rendered":"Galerie"},"content":{"rendered":"\n<h1 class=\"wp-block-heading has-text-align-center\">Ext\u00e9rieur du Tapu Lodge<\/h1>\n\n<p><\/p>\n<div class=\"gallery\"><div><a href=\"https:\/\/tapulodge.com\/wp-content\/uploads\/page\/page-18\/exterior-001-1920x1280.jpg\" class=\"fancybox\" rel=\"gallery\" title=\"\n\n\n\n\n\n\n\n\n\n\n\n\n\n\n\n\n\n\n\n\n\n\n\n\n\n\n\n\n\n\"><img loading=\"lazy\" decoding=\"async\" src=\"https:\/\/tapulodge.com\/wp-content\/uploads\/page\/page-18\/exterior-001-384x384.jpg\" width=\"384\" height=\"384\" alt=\"\n\n\n\n\n\n\n\n\n\n\n\n\n\n\n\n\n\n\n\n\n\n\n\n\n\n\n\n\n\n\" \/><span class=\"overlay\"><\/span><span class=\"icon\"><\/span><\/a><a href=\"https:\/\/tapulodge.com\/wp-content\/uploads\/page\/page-18\/exterior-002-1920x1280.jpg\" class=\"fancybox\" rel=\"gallery\" title=\"\"><img loading=\"lazy\" decoding=\"async\" src=\"https:\/\/tapulodge.com\/wp-content\/uploads\/page\/page-18\/exterior-002-384x384.jpg\" width=\"384\" height=\"384\" alt=\"\" \/><span class=\"overlay\"><\/span><span class=\"icon\"><\/span><\/a><a href=\"https:\/\/tapulodge.com\/wp-content\/uploads\/page\/page-18\/exterior-003-1920x1280.jpg\" class=\"fancybox\" rel=\"gallery\" title=\"\"><img loading=\"lazy\" decoding=\"async\" src=\"https:\/\/tapulodge.com\/wp-content\/uploads\/page\/page-18\/exterior-003-384x384.jpg\" width=\"384\" height=\"384\" alt=\"\" \/><span class=\"overlay\"><\/span><span class=\"icon\"><\/span><\/a><a href=\"https:\/\/tapulodge.com\/wp-content\/uploads\/page\/page-18\/exterior-004-1920x1280.jpg\" class=\"fancybox\" rel=\"gallery\" title=\"\"><img loading=\"lazy\" decoding=\"async\" src=\"https:\/\/tapulodge.com\/wp-content\/uploads\/page\/page-18\/exterior-004-384x384.jpg\" width=\"384\" height=\"384\" alt=\"\" \/><span class=\"overlay\"><\/span><span class=\"icon\"><\/span><\/a><a href=\"https:\/\/tapulodge.com\/wp-content\/uploads\/page\/page-18\/exterior-005-1920x1280.jpg\" class=\"fancybox\" rel=\"gallery\" title=\"\"><img loading=\"lazy\" decoding=\"async\" src=\"https:\/\/tapulodge.com\/wp-content\/uploads\/page\/page-18\/exterior-005-384x384.jpg\" width=\"384\" height=\"384\" alt=\"\" \/><span class=\"overlay\"><\/span><span class=\"icon\"><\/span><\/a><a href=\"https:\/\/tapulodge.com\/wp-content\/uploads\/page\/page-18\/exterior-006-1920x1280.jpg\" class=\"fancybox\" rel=\"gallery\" title=\"\"><img loading=\"lazy\" decoding=\"async\" src=\"https:\/\/tapulodge.com\/wp-content\/uploads\/page\/page-18\/exterior-006-384x384.jpg\" width=\"384\" height=\"384\" alt=\"\" \/><span class=\"overlay\"><\/span><span class=\"icon\"><\/span><\/a><a href=\"https:\/\/tapulodge.com\/wp-content\/uploads\/page\/page-18\/exterior-007-1920x1280.jpg\" class=\"fancybox\" rel=\"gallery\" title=\"\"><img loading=\"lazy\" decoding=\"async\" src=\"https:\/\/tapulodge.com\/wp-content\/uploads\/page\/page-18\/exterior-007-384x384.jpg\" width=\"384\" height=\"384\" alt=\"\" \/><span class=\"overlay\"><\/span><span class=\"icon\"><\/span><\/a><a href=\"https:\/\/tapulodge.com\/wp-content\/uploads\/page\/page-18\/exterior-008-1920x1280.jpg\" class=\"fancybox\" rel=\"gallery\" title=\"\"><img loading=\"lazy\" decoding=\"async\" src=\"https:\/\/tapulodge.com\/wp-content\/uploads\/page\/page-18\/exterior-008-384x384.jpg\" width=\"384\" height=\"384\" alt=\"\" \/><span class=\"overlay\"><\/span><span class=\"icon\"><\/span><\/a><a href=\"https:\/\/tapulodge.com\/wp-content\/uploads\/page\/page-18\/exterior-009-1920x1280.jpg\" class=\"fancybox\" rel=\"gallery\" title=\"\"><img loading=\"lazy\" decoding=\"async\" src=\"https:\/\/tapulodge.com\/wp-content\/uploads\/page\/page-18\/exterior-009-384x384.jpg\" width=\"384\" height=\"384\" alt=\"\" \/><span class=\"overlay\"><\/span><span class=\"icon\"><\/span><\/a><a href=\"https:\/\/tapulodge.com\/wp-content\/uploads\/page\/page-18\/exterior-010-1920x1280.jpg\" class=\"fancybox\" rel=\"gallery\" title=\"\"><img loading=\"lazy\" decoding=\"async\" src=\"https:\/\/tapulodge.com\/wp-content\/uploads\/page\/page-18\/exterior-010-384x384.jpg\" width=\"384\" height=\"384\" alt=\"\" \/><span class=\"overlay\"><\/span><span class=\"icon\"><\/span><\/a><a href=\"https:\/\/tapulodge.com\/wp-content\/uploads\/page\/page-18\/exterior-011-1920x1280.jpg\" class=\"fancybox\" rel=\"gallery\" title=\"\"><img loading=\"lazy\" decoding=\"async\" src=\"https:\/\/tapulodge.com\/wp-content\/uploads\/page\/page-18\/exterior-011-384x384.jpg\" width=\"384\" height=\"384\" alt=\"\" \/><span class=\"overlay\"><\/span><span class=\"icon\"><\/span><\/a><a href=\"https:\/\/tapulodge.com\/wp-content\/uploads\/page\/page-18\/exterior-012-1920x1280.jpg\" class=\"fancybox\" rel=\"gallery\" title=\"\"><img loading=\"lazy\" decoding=\"async\" src=\"https:\/\/tapulodge.com\/wp-content\/uploads\/page\/page-18\/exterior-012-384x384.jpg\" width=\"384\" height=\"384\" alt=\"\" \/><span class=\"overlay\"><\/span><span class=\"icon\"><\/span><\/a><a href=\"https:\/\/tapulodge.com\/wp-content\/uploads\/page\/page-18\/exterior-013-1920x1280.jpg\" class=\"fancybox\" rel=\"gallery\" title=\"\"><img loading=\"lazy\" decoding=\"async\" src=\"https:\/\/tapulodge.com\/wp-content\/uploads\/page\/page-18\/exterior-013-384x384.jpg\" width=\"384\" height=\"384\" alt=\"\" \/><span class=\"overlay\"><\/span><span class=\"icon\"><\/span><\/a><a href=\"https:\/\/tapulodge.com\/wp-content\/uploads\/page\/page-18\/exterior-014-1920x1280.jpg\" class=\"fancybox\" rel=\"gallery\" title=\"\"><img loading=\"lazy\" decoding=\"async\" src=\"https:\/\/tapulodge.com\/wp-content\/uploads\/page\/page-18\/exterior-014-384x384.jpg\" width=\"384\" height=\"384\" alt=\"\" \/><span class=\"overlay\"><\/span><span class=\"icon\"><\/span><\/a><a href=\"https:\/\/tapulodge.com\/wp-content\/uploads\/page\/page-18\/exterior-015-1920x1280.jpg\" class=\"fancybox\" rel=\"gallery\" title=\"\"><img loading=\"lazy\" decoding=\"async\" src=\"https:\/\/tapulodge.com\/wp-content\/uploads\/page\/page-18\/exterior-015-384x384.jpg\" width=\"384\" height=\"384\" alt=\"\" \/><span class=\"overlay\"><\/span><span class=\"icon\"><\/span><\/a><div class=\"clear\"><\/div><\/div><\/div>\n<p><\/p>\n\n<h1 class=\"wp-block-heading has-text-align-center\">Int\u00e9rieur de nos bungalows<\/h1>\n\n<p><\/p>\n<div class=\"gallery\"><div><a href=\"https:\/\/tapulodge.com\/wp-content\/uploads\/page\/page-18\/interior-001-1920x1280.jpg\" class=\"fancybox\" rel=\"gallery\" title=\"\n\n\n\n\n\n\n\n\n\n\n\n\n\n\n\n\n\n\n\n\n\n\n\n\n\n\n\n\n\n\"><img loading=\"lazy\" decoding=\"async\" src=\"https:\/\/tapulodge.com\/wp-content\/uploads\/page\/page-18\/interior-001-384x384.jpg\" width=\"384\" height=\"384\" alt=\"\n\n\n\n\n\n\n\n\n\n\n\n\n\n\n\n\n\n\n\n\n\n\n\n\n\n\n\n\n\n\" \/><span class=\"overlay\"><\/span><span class=\"icon\"><\/span><\/a><a href=\"https:\/\/tapulodge.com\/wp-content\/uploads\/page\/page-18\/interior-002-1920x1280.jpg\" class=\"fancybox\" rel=\"gallery\" title=\"\"><img loading=\"lazy\" decoding=\"async\" src=\"https:\/\/tapulodge.com\/wp-content\/uploads\/page\/page-18\/interior-002-384x384.jpg\" width=\"384\" height=\"384\" alt=\"\" \/><span class=\"overlay\"><\/span><span class=\"icon\"><\/span><\/a><a href=\"https:\/\/tapulodge.com\/wp-content\/uploads\/page\/page-18\/interior-003-1920x1280.jpg\" class=\"fancybox\" rel=\"gallery\" title=\"\"><img loading=\"lazy\" decoding=\"async\" src=\"https:\/\/tapulodge.com\/wp-content\/uploads\/page\/page-18\/interior-003-384x384.jpg\" width=\"384\" height=\"384\" alt=\"\" \/><span class=\"overlay\"><\/span><span class=\"icon\"><\/span><\/a><a href=\"https:\/\/tapulodge.com\/wp-content\/uploads\/page\/page-18\/interior-004-1920x1280.jpg\" class=\"fancybox\" rel=\"gallery\" title=\"\"><img loading=\"lazy\" decoding=\"async\" src=\"https:\/\/tapulodge.com\/wp-content\/uploads\/page\/page-18\/interior-004-384x384.jpg\" width=\"384\" height=\"384\" alt=\"\" \/><span class=\"overlay\"><\/span><span class=\"icon\"><\/span><\/a><a href=\"https:\/\/tapulodge.com\/wp-content\/uploads\/page\/page-18\/interior-005-1920x1280.jpg\" class=\"fancybox\" rel=\"gallery\" title=\"\"><img loading=\"lazy\" decoding=\"async\" src=\"https:\/\/tapulodge.com\/wp-content\/uploads\/page\/page-18\/interior-005-384x384.jpg\" width=\"384\" height=\"384\" alt=\"\" \/><span class=\"overlay\"><\/span><span class=\"icon\"><\/span><\/a><a href=\"https:\/\/tapulodge.com\/wp-content\/uploads\/page\/page-18\/interior-006-1920x1280.jpg\" class=\"fancybox\" rel=\"gallery\" title=\"\"><img loading=\"lazy\" decoding=\"async\" src=\"https:\/\/tapulodge.com\/wp-content\/uploads\/page\/page-18\/interior-006-384x384.jpg\" width=\"384\" height=\"384\" alt=\"\" \/><span class=\"overlay\"><\/span><span class=\"icon\"><\/span><\/a><a href=\"https:\/\/tapulodge.com\/wp-content\/uploads\/page\/page-18\/interior-007-1920x1280.jpg\" class=\"fancybox\" rel=\"gallery\" title=\"\"><img loading=\"lazy\" decoding=\"async\" src=\"https:\/\/tapulodge.com\/wp-content\/uploads\/page\/page-18\/interior-007-384x384.jpg\" width=\"384\" height=\"384\" alt=\"\" \/><span class=\"overlay\"><\/span><span class=\"icon\"><\/span><\/a><a href=\"https:\/\/tapulodge.com\/wp-content\/uploads\/page\/page-18\/interior-008-1920x1280.jpg\" class=\"fancybox\" rel=\"gallery\" title=\"\"><img loading=\"lazy\" decoding=\"async\" src=\"https:\/\/tapulodge.com\/wp-content\/uploads\/page\/page-18\/interior-008-384x384.jpg\" width=\"384\" height=\"384\" alt=\"\" \/><span class=\"overlay\"><\/span><span class=\"icon\"><\/span><\/a><a href=\"https:\/\/tapulodge.com\/wp-content\/uploads\/page\/page-18\/interior-009-1920x1280.jpg\" class=\"fancybox\" rel=\"gallery\" title=\"\"><img loading=\"lazy\" decoding=\"async\" src=\"https:\/\/tapulodge.com\/wp-content\/uploads\/page\/page-18\/interior-009-384x384.jpg\" width=\"384\" height=\"384\" alt=\"\" \/><span class=\"overlay\"><\/span><span class=\"icon\"><\/span><\/a><a href=\"https:\/\/tapulodge.com\/wp-content\/uploads\/page\/page-18\/interior-010-1920x1280.jpg\" class=\"fancybox\" rel=\"gallery\" title=\"\"><img loading=\"lazy\" decoding=\"async\" src=\"https:\/\/tapulodge.com\/wp-content\/uploads\/page\/page-18\/interior-010-384x384.jpg\" width=\"384\" height=\"384\" alt=\"\" \/><span class=\"overlay\"><\/span><span class=\"icon\"><\/span><\/a><a href=\"https:\/\/tapulodge.com\/wp-content\/uploads\/page\/page-18\/interior-011-1920x1280.jpg\" class=\"fancybox\" rel=\"gallery\" title=\"\"><img loading=\"lazy\" decoding=\"async\" src=\"https:\/\/tapulodge.com\/wp-content\/uploads\/page\/page-18\/interior-011-384x384.jpg\" width=\"384\" height=\"384\" alt=\"\" \/><span class=\"overlay\"><\/span><span class=\"icon\"><\/span><\/a><a href=\"https:\/\/tapulodge.com\/wp-content\/uploads\/page\/page-18\/interior-012-1920x1280.jpg\" class=\"fancybox\" rel=\"gallery\" title=\"\"><img loading=\"lazy\" decoding=\"async\" src=\"https:\/\/tapulodge.com\/wp-content\/uploads\/page\/page-18\/interior-012-384x384.jpg\" width=\"384\" height=\"384\" alt=\"\" \/><span class=\"overlay\"><\/span><span class=\"icon\"><\/span><\/a><a href=\"https:\/\/tapulodge.com\/wp-content\/uploads\/page\/page-18\/interior-013-1920x1280.jpg\" class=\"fancybox\" rel=\"gallery\" title=\"\"><img loading=\"lazy\" decoding=\"async\" src=\"https:\/\/tapulodge.com\/wp-content\/uploads\/page\/page-18\/interior-013-384x384.jpg\" width=\"384\" height=\"384\" alt=\"\" \/><span class=\"overlay\"><\/span><span class=\"icon\"><\/span><\/a><a href=\"https:\/\/tapulodge.com\/wp-content\/uploads\/page\/page-18\/interior-014-1920x1280.jpg\" class=\"fancybox\" rel=\"gallery\" title=\"\"><img loading=\"lazy\" decoding=\"async\" src=\"https:\/\/tapulodge.com\/wp-content\/uploads\/page\/page-18\/interior-014-384x384.jpg\" width=\"384\" height=\"384\" alt=\"\" \/><span class=\"overlay\"><\/span><span class=\"icon\"><\/span><\/a><a href=\"https:\/\/tapulodge.com\/wp-content\/uploads\/page\/page-18\/interior-015-1920x1280.jpg\" class=\"fancybox\" rel=\"gallery\" title=\"\"><img loading=\"lazy\" decoding=\"async\" src=\"https:\/\/tapulodge.com\/wp-content\/uploads\/page\/page-18\/interior-015-384x384.jpg\" width=\"384\" height=\"384\" alt=\"\" \/><span class=\"overlay\"><\/span><span class=\"icon\"><\/span><\/a><div class=\"clear\"><\/div><\/div><\/div>\n<p><\/p>\n\n<h1 class=\"wp-block-heading has-text-align-center\">Am\u00e9nagements<\/h1>\n\n<p><\/p>\n<div class=\"gallery\"><div><a href=\"https:\/\/tapulodge.com\/wp-content\/uploads\/page\/page-18\/amenities-001-1920x1280.jpg\" class=\"fancybox\" rel=\"gallery\" title=\"\n\n\n\n\n\n\n\n\n\n\n\n\n\n\n\n\n\n\n\n\n\n\n\n\n\n\n\n\n\n\"><img loading=\"lazy\" decoding=\"async\" src=\"https:\/\/tapulodge.com\/wp-content\/uploads\/page\/page-18\/amenities-001-384x384.jpg\" width=\"384\" height=\"384\" alt=\"\n\n\n\n\n\n\n\n\n\n\n\n\n\n\n\n\n\n\n\n\n\n\n\n\n\n\n\n\n\n\" \/><span class=\"overlay\"><\/span><span class=\"icon\"><\/span><\/a><a href=\"https:\/\/tapulodge.com\/wp-content\/uploads\/page\/page-18\/amenities-002-1920x1280.jpg\" class=\"fancybox\" rel=\"gallery\" title=\"\"><img loading=\"lazy\" decoding=\"async\" src=\"https:\/\/tapulodge.com\/wp-content\/uploads\/page\/page-18\/amenities-002-384x384.jpg\" width=\"384\" height=\"384\" alt=\"\" \/><span class=\"overlay\"><\/span><span class=\"icon\"><\/span><\/a><a href=\"https:\/\/tapulodge.com\/wp-content\/uploads\/page\/page-18\/amenities-003-1920x1280.jpg\" class=\"fancybox\" rel=\"gallery\" title=\"\"><img loading=\"lazy\" decoding=\"async\" src=\"https:\/\/tapulodge.com\/wp-content\/uploads\/page\/page-18\/amenities-003-384x384.jpg\" width=\"384\" height=\"384\" alt=\"\" \/><span class=\"overlay\"><\/span><span class=\"icon\"><\/span><\/a><a href=\"https:\/\/tapulodge.com\/wp-content\/uploads\/page\/page-18\/amenities-004-1920x1280.jpg\" class=\"fancybox\" rel=\"gallery\" title=\"\"><img loading=\"lazy\" decoding=\"async\" src=\"https:\/\/tapulodge.com\/wp-content\/uploads\/page\/page-18\/amenities-004-384x384.jpg\" width=\"384\" height=\"384\" alt=\"\" \/><span class=\"overlay\"><\/span><span class=\"icon\"><\/span><\/a><a href=\"https:\/\/tapulodge.com\/wp-content\/uploads\/page\/page-18\/amenities-005-1920x1280.jpg\" class=\"fancybox\" rel=\"gallery\" title=\"\"><img loading=\"lazy\" decoding=\"async\" src=\"https:\/\/tapulodge.com\/wp-content\/uploads\/page\/page-18\/amenities-005-384x384.jpg\" width=\"384\" height=\"384\" alt=\"\" \/><span class=\"overlay\"><\/span><span class=\"icon\"><\/span><\/a><a href=\"https:\/\/tapulodge.com\/wp-content\/uploads\/page\/page-18\/amenities-006-1920x1280.jpg\" class=\"fancybox\" rel=\"gallery\" title=\"\"><img loading=\"lazy\" decoding=\"async\" src=\"https:\/\/tapulodge.com\/wp-content\/uploads\/page\/page-18\/amenities-006-384x384.jpg\" width=\"384\" height=\"384\" alt=\"\" \/><span class=\"overlay\"><\/span><span class=\"icon\"><\/span><\/a><a href=\"https:\/\/tapulodge.com\/wp-content\/uploads\/page\/page-18\/amenities-007-1920x1280.jpg\" class=\"fancybox\" rel=\"gallery\" title=\"\"><img loading=\"lazy\" decoding=\"async\" src=\"https:\/\/tapulodge.com\/wp-content\/uploads\/page\/page-18\/amenities-007-384x384.jpg\" width=\"384\" height=\"384\" alt=\"\" \/><span class=\"overlay\"><\/span><span class=\"icon\"><\/span><\/a><a href=\"https:\/\/tapulodge.com\/wp-content\/uploads\/page\/page-18\/amenities-008-1920x1280.jpg\" class=\"fancybox\" rel=\"gallery\" title=\"\"><img loading=\"lazy\" decoding=\"async\" src=\"https:\/\/tapulodge.com\/wp-content\/uploads\/page\/page-18\/amenities-008-384x384.jpg\" width=\"384\" height=\"384\" alt=\"\" \/><span class=\"overlay\"><\/span><span class=\"icon\"><\/span><\/a><a href=\"https:\/\/tapulodge.com\/wp-content\/uploads\/page\/page-18\/amenities-009-1920x1280.jpg\" class=\"fancybox\" rel=\"gallery\" title=\"\"><img loading=\"lazy\" decoding=\"async\" src=\"https:\/\/tapulodge.com\/wp-content\/uploads\/page\/page-18\/amenities-009-384x384.jpg\" width=\"384\" height=\"384\" alt=\"\" \/><span class=\"overlay\"><\/span><span class=\"icon\"><\/span><\/a><a href=\"https:\/\/tapulodge.com\/wp-content\/uploads\/page\/page-18\/amenities-010-1920x1280.jpg\" class=\"fancybox\" rel=\"gallery\" title=\"\"><img loading=\"lazy\" decoding=\"async\" src=\"https:\/\/tapulodge.com\/wp-content\/uploads\/page\/page-18\/amenities-010-384x384.jpg\" width=\"384\" height=\"384\" alt=\"\" \/><span class=\"overlay\"><\/span><span class=\"icon\"><\/span><\/a><a href=\"https:\/\/tapulodge.com\/wp-content\/uploads\/page\/page-18\/amenities-011-1920x1280.jpg\" class=\"fancybox\" rel=\"gallery\" title=\"\"><img loading=\"lazy\" decoding=\"async\" src=\"https:\/\/tapulodge.com\/wp-content\/uploads\/page\/page-18\/amenities-011-384x384.jpg\" width=\"384\" height=\"384\" alt=\"\" \/><span class=\"overlay\"><\/span><span class=\"icon\"><\/span><\/a><a href=\"https:\/\/tapulodge.com\/wp-content\/uploads\/page\/page-18\/amenities-012-1920x1280.jpg\" class=\"fancybox\" rel=\"gallery\" title=\"\"><img loading=\"lazy\" decoding=\"async\" src=\"https:\/\/tapulodge.com\/wp-content\/uploads\/page\/page-18\/amenities-012-384x384.jpg\" width=\"384\" height=\"384\" alt=\"\" \/><span class=\"overlay\"><\/span><span class=\"icon\"><\/span><\/a><a href=\"https:\/\/tapulodge.com\/wp-content\/uploads\/page\/page-18\/amenities-013-1920x1280.jpg\" class=\"fancybox\" rel=\"gallery\" title=\"\"><img loading=\"lazy\" decoding=\"async\" src=\"https:\/\/tapulodge.com\/wp-content\/uploads\/page\/page-18\/amenities-013-384x384.jpg\" width=\"384\" height=\"384\" alt=\"\" \/><span class=\"overlay\"><\/span><span class=\"icon\"><\/span><\/a><a href=\"https:\/\/tapulodge.com\/wp-content\/uploads\/page\/page-18\/amenities-014-1920x1280.jpg\" class=\"fancybox\" rel=\"gallery\" title=\"\"><img loading=\"lazy\" decoding=\"async\" src=\"https:\/\/tapulodge.com\/wp-content\/uploads\/page\/page-18\/amenities-014-384x384.jpg\" width=\"384\" height=\"384\" alt=\"\" \/><span class=\"overlay\"><\/span><span class=\"icon\"><\/span><\/a><a href=\"https:\/\/tapulodge.com\/wp-content\/uploads\/page\/page-18\/amenities-015-1920x1280.jpg\" class=\"fancybox\" rel=\"gallery\" title=\"\"><img loading=\"lazy\" decoding=\"async\" src=\"https:\/\/tapulodge.com\/wp-content\/uploads\/page\/page-18\/amenities-015-384x384.jpg\" width=\"384\" height=\"384\" alt=\"\" \/><span class=\"overlay\"><\/span><span class=\"icon\"><\/span><\/a><div class=\"clear\"><\/div><\/div><\/div>","protected":false},"excerpt":{"rendered":"<p>Offrez-vous un s\u00e9jour inoubliable dans un cadre agr\u00e9able \u00e0 proximit\u00e9 de la plage priv\u00e9e du Tapu Lodge Moorea.<br \/>\nD\u00e9couvrez-en plus dans notre galerie. <\/p>\n","protected":false},"author":1,"featured_media":294,"parent":0,"menu_order":0,"comment_status":"closed","ping_status":"closed","template":"","meta":{"footnotes":""},"class_list":["post-322","page","type-page","status-publish","has-post-thumbnail","hentry"],"_links":{"self":[{"href":"https:\/\/tapulodge.com\/fr\/wp-json\/wp\/v2\/pages\/322","targetHints":{"allow":["GET"]}}],"collection":[{"href":"https:\/\/tapulodge.com\/fr\/wp-json\/wp\/v2\/pages"}],"about":[{"href":"https:\/\/tapulodge.com\/fr\/wp-json\/wp\/v2\/types\/page"}],"author":[{"embeddable":true,"href":"https:\/\/tapulodge.com\/fr\/wp-json\/wp\/v2\/users\/1"}],"replies":[{"embeddable":true,"href":"https:\/\/tapulodge.com\/fr\/wp-json\/wp\/v2\/comments?post=322"}],"version-history":[{"count":3,"href":"https:\/\/tapulodge.com\/fr\/wp-json\/wp\/v2\/pages\/322\/revisions"}],"predecessor-version":[{"id":325,"href":"https:\/\/tapulodge.com\/fr\/wp-json\/wp\/v2\/pages\/322\/revisions\/325"}],"wp:featuredmedia":[{"embeddable":true,"href":"https:\/\/tapulodge.com\/fr\/wp-json\/wp\/v2\/media\/294"}],"wp:attachment":[{"href":"https:\/\/tapulodge.com\/fr\/wp-json\/wp\/v2\/media?parent=322"}],"curies":[{"name":"wp","href":"https:\/\/api.w.org\/{rel}","templated":true}]}}