{"id":328,"date":"2024-08-18T23:56:06","date_gmt":"2024-08-19T09:56:06","guid":{"rendered":"https:\/\/tapulodge.com\/tarifs\/"},"modified":"2024-09-01T17:47:03","modified_gmt":"2024-09-02T03:47:03","slug":"tarifs","status":"publish","type":"page","link":"https:\/\/tapulodge.com\/fr\/tarifs\/","title":{"rendered":"Tarifs"},"content":{"rendered":"\n<!-- warning box --><div class=\"box-warning\"><span><\/span><a href=\"javascript:;\" class=\"close-this-box\"><span><\/span><\/a><p><strong>Promotion Salon du Tourisme :<\/strong> s\u00e9journez 2 nuits et plus et \u00e9conomisez ! Pour tout s\u00e9jour d&rsquo;au moins 2 nuits cons\u00e9cutives au Tapu Lodge Moorea et b\u00e9n\u00e9ficiez de la r\u00e9duction. N&rsquo;h\u00e9sitez pas \u00e0 <a href=\"https:\/\/tapulodge.com\/fr\/contact\/\" data-type=\"page\" data-id=\"12\">nous contacter<\/a> pour plus de d\u00e9tails.  <\/p><\/div><!-- end of warning box -->\n\n<h2 class=\"wp-block-heading\">Rester 7 Payer 6<\/h2>\n\n<p>C&rsquo;est nous qui payons !\nRestez 7 nuits et \u00e9conomisez !\nPour les s\u00e9jours d&rsquo;au moins 7 nuits cons\u00e9cutives au Tapu Lodge.\nProfitez de s\u00e9jours plus longs \u00e0 Moorea.\nR\u00e9servez cette offre pour recevoir une quatri\u00e8me nuit gratuite au paradis.\nN&rsquo;h\u00e9sitez pas \u00e0 r\u00e9server votre s\u00e9jour dans notre paradis !     <\/p>\n\n<h2 class=\"wp-block-heading\">D\u00e9p\u00f4t<\/h2>\n\n<p>Un acompte d&rsquo;une nuit est demand\u00e9 pour garantir la r\u00e9servation.\nPour les s\u00e9jours plus longs (7+ nuits), un acompte de 30 % est demand\u00e9 pour garantir la r\u00e9servation. <\/p>\n","protected":false},"excerpt":{"rendered":"<p>R\u00e9servez d\u00e8s maintenant votre s\u00e9jour au Tapu Lodge sur l&rsquo;\u00eele de Moorea.<br \/>\nLe joyau cach\u00e9 de la Polyn\u00e9sie fran\u00e7aise vous attend ! <\/p>\n","protected":false},"author":1,"featured_media":232,"parent":0,"menu_order":0,"comment_status":"closed","ping_status":"closed","template":"page-pricelist.php","meta":{"footnotes":""},"class_list":["post-328","page","type-page","status-publish","has-post-thumbnail","hentry"],"_links":{"self":[{"href":"https:\/\/tapulodge.com\/fr\/wp-json\/wp\/v2\/pages\/328","targetHints":{"allow":["GET"]}}],"collection":[{"href":"https:\/\/tapulodge.com\/fr\/wp-json\/wp\/v2\/pages"}],"about":[{"href":"https:\/\/tapulodge.com\/fr\/wp-json\/wp\/v2\/types\/page"}],"author":[{"embeddable":true,"href":"https:\/\/tapulodge.com\/fr\/wp-json\/wp\/v2\/users\/1"}],"replies":[{"embeddable":true,"href":"https:\/\/tapulodge.com\/fr\/wp-json\/wp\/v2\/comments?post=328"}],"version-history":[{"count":3,"href":"https:\/\/tapulodge.com\/fr\/wp-json\/wp\/v2\/pages\/328\/revisions"}],"predecessor-version":[{"id":347,"href":"https:\/\/tapulodge.com\/fr\/wp-json\/wp\/v2\/pages\/328\/revisions\/347"}],"wp:featuredmedia":[{"embeddable":true,"href":"https:\/\/tapulodge.com\/fr\/wp-json\/wp\/v2\/media\/232"}],"wp:attachment":[{"href":"https:\/\/tapulodge.com\/fr\/wp-json\/wp\/v2\/media?parent=328"}],"curies":[{"name":"wp","href":"https:\/\/api.w.org\/{rel}","templated":true}]}}