{"id":332,"date":"2024-08-25T18:14:23","date_gmt":"2024-08-26T04:14:23","guid":{"rendered":"https:\/\/tapulodge.com\/aucune-ile-selectionnee\/"},"modified":"2024-08-26T01:18:39","modified_gmt":"2024-08-26T11:18:39","slug":"aucune-ile-selectionnee","status":"publish","type":"page","link":"https:\/\/tapulodge.com\/fr\/aucune-ile-selectionnee\/","title":{"rendered":"Aucune \u00eele s\u00e9lectionn\u00e9e&#8230;"},"content":{"rendered":"\n<!-- warning box --><div class=\"box-warning\"><span><\/span><a href=\"javascript:;\" class=\"close-this-box\"><span><\/span><\/a><p><strong>Attention :<\/strong> cette page est en construction ! Donnez-nous quelques jours de plus et vous trouverez ici quelque chose de vraiment cool et int\u00e9ressant \ud83d\ude09 Si vous avez des questions n&rsquo;h\u00e9sitez pas \u00e0 <a href=\"https:\/\/tapulodge.com\/fr\/contact\/\" data-type=\"page\" data-id=\"12\">nous contacter<\/a>. <\/p><\/div><!-- end of warning box -->\n","protected":false},"excerpt":{"rendered":"","protected":false},"author":1,"featured_media":0,"parent":0,"menu_order":0,"comment_status":"closed","ping_status":"closed","template":"page-conditions.php","meta":{"footnotes":""},"class_list":["post-332","page","type-page","status-publish","hentry"],"_links":{"self":[{"href":"https:\/\/tapulodge.com\/fr\/wp-json\/wp\/v2\/pages\/332","targetHints":{"allow":["GET"]}}],"collection":[{"href":"https:\/\/tapulodge.com\/fr\/wp-json\/wp\/v2\/pages"}],"about":[{"href":"https:\/\/tapulodge.com\/fr\/wp-json\/wp\/v2\/types\/page"}],"author":[{"embeddable":true,"href":"https:\/\/tapulodge.com\/fr\/wp-json\/wp\/v2\/users\/1"}],"replies":[{"embeddable":true,"href":"https:\/\/tapulodge.com\/fr\/wp-json\/wp\/v2\/comments?post=332"}],"version-history":[{"count":1,"href":"https:\/\/tapulodge.com\/fr\/wp-json\/wp\/v2\/pages\/332\/revisions"}],"predecessor-version":[{"id":333,"href":"https:\/\/tapulodge.com\/fr\/wp-json\/wp\/v2\/pages\/332\/revisions\/333"}],"wp:attachment":[{"href":"https:\/\/tapulodge.com\/fr\/wp-json\/wp\/v2\/media?parent=332"}],"curies":[{"name":"wp","href":"https:\/\/api.w.org\/{rel}","templated":true}]}}