{"id":336,"date":"2024-08-18T23:57:23","date_gmt":"2024-08-19T09:57:23","guid":{"rendered":"https:\/\/tapulodge.com\/activites-a-faire-a-moorea\/"},"modified":"2024-08-18T23:57:23","modified_gmt":"2024-08-19T09:57:23","slug":"activites-a-faire-a-moorea","status":"publish","type":"page","link":"https:\/\/tapulodge.com\/fr\/activites-a-faire-a-moorea\/","title":{"rendered":"Activit\u00e9s \u00e0 faire \u00e0 Moorea"},"content":{"rendered":"","protected":false},"excerpt":{"rendered":"<p>Vous recherchez des visites et des excursions \u00e0 Moorea ? D\u00e9couvrez un guide complet sur les meilleures choses \u00e0 faire sur l&rsquo;\u00eele de Moorea. <\/p>\n","protected":false},"author":1,"featured_media":236,"parent":0,"menu_order":0,"comment_status":"closed","ping_status":"closed","template":"page-activity.php","meta":{"footnotes":""},"class_list":["post-336","page","type-page","status-publish","has-post-thumbnail","hentry"],"_links":{"self":[{"href":"https:\/\/tapulodge.com\/fr\/wp-json\/wp\/v2\/pages\/336","targetHints":{"allow":["GET"]}}],"collection":[{"href":"https:\/\/tapulodge.com\/fr\/wp-json\/wp\/v2\/pages"}],"about":[{"href":"https:\/\/tapulodge.com\/fr\/wp-json\/wp\/v2\/types\/page"}],"author":[{"embeddable":true,"href":"https:\/\/tapulodge.com\/fr\/wp-json\/wp\/v2\/users\/1"}],"replies":[{"embeddable":true,"href":"https:\/\/tapulodge.com\/fr\/wp-json\/wp\/v2\/comments?post=336"}],"version-history":[{"count":0,"href":"https:\/\/tapulodge.com\/fr\/wp-json\/wp\/v2\/pages\/336\/revisions"}],"wp:featuredmedia":[{"embeddable":true,"href":"https:\/\/tapulodge.com\/fr\/wp-json\/wp\/v2\/media\/236"}],"wp:attachment":[{"href":"https:\/\/tapulodge.com\/fr\/wp-json\/wp\/v2\/media?parent=336"}],"curies":[{"name":"wp","href":"https:\/\/api.w.org\/{rel}","templated":true}]}}